{"id":19582,"date":"2024-12-11T16:13:08","date_gmt":"2024-12-11T16:13:08","guid":{"rendered":"https:\/\/bodegonfl.com\/menu-bodegon-7\/"},"modified":"2026-03-02T21:16:51","modified_gmt":"2026-03-02T21:16:51","slug":"menu-bodegon-7","status":"publish","type":"page","link":"https:\/\/bodegonfl.com\/en\/menu-bodegon-7\/","title":{"rendered":"Men\u00fa Bodegon #7"},"content":{"rendered":"\t\t<div data-elementor-type=\"wp-page\" data-elementor-id=\"19582\" class=\"elementor elementor-19582 elementor-18369\" data-elementor-post-type=\"page\">\n\t\t\t\t<div class=\"elementor-element elementor-element-82484c6 e-con-full e-flex e-con e-parent\" data-id=\"82484c6\" data-element_type=\"container\" data-e-type=\"container\">\n\t\t\t\t<div class=\"elementor-element elementor-element-1a4285c elementor-widget elementor-widget-shortcode\" data-id=\"1a4285c\" data-element_type=\"widget\" data-e-type=\"widget\" data-widget_type=\"shortcode.default\">\n\t\t\t\t<div class=\"elementor-widget-container\">\n\t\t\t\t\t\t\t<div class=\"elementor-shortcode\">\n<div\n    class='wp-block-pdfp-pdf-poster  alignnone'\n    id='block-2'\n    data-attributes='{&quot;uniqueId&quot;:&quot;pdfp1&quot;,&quot;file&quot;:&quot;https:\\\/\\\/bodegonfl.com\\\/wp-content\\\/uploads\\\/2025\\\/01\\\/MENU_BODEGON-1-7_compressed.pdf&quot;,&quot;title&quot;:&quot;menu Bodegon 7&quot;,&quot;height&quot;:&quot;1200px&quot;,&quot;width&quot;:&quot;100%&quot;,&quot;print&quot;:false,&quot;fullscreenButton&quot;:true,&quot;newWindow&quot;:false,&quot;showName&quot;:false,&quot;downloadButton&quot;:true,&quot;downloadButtonText&quot;:&quot;Download File&quot;,&quot;protect&quot;:false,&quot;onlyPDF&quot;:false,&quot;defaultBrowser&quot;:false,&quot;thumbMenu&quot;:false,&quot;sidebarOpen&quot;:false,&quot;lastVersion&quot;:false,&quot;hrScroll&quot;:false,&quot;alert&quot;:true,&quot;btnStyles&quot;:{&quot;background&quot;:&quot;#1e73be&quot;,&quot;color&quot;:&quot;#fff&quot;,&quot;fontSize&quot;:&quot;1rem&quot;,&quot;padding&quot;:{&quot;top&quot;:10,&quot;right&quot;:20,&quot;bottom&quot;:10,&quot;left&quot;:10}},&quot;popupOptions&quot;:{&quot;enabled&quot;:0,&quot;text&quot;:&quot;Open PDF&quot;,&quot;triggerType&quot;:&quot;button&quot;,&quot;image&quot;:&quot;&quot;,&quot;imageHeight&quot;:&quot;200px&quot;,&quot;imageWidth&quot;:&quot;300px&quot;,&quot;imagePdfIcon&quot;:true,&quot;triggerAlignment&quot;:&quot;center&quot;,&quot;btnStyle&quot;:{&quot;background&quot;:&quot;#1e73be&quot;,&quot;color&quot;:&quot;#fff&quot;,&quot;fontSize&quot;:&quot;1rem&quot;,&quot;padding&quot;:{&quot;top&quot;:10,&quot;right&quot;:20,&quot;bottom&quot;:10,&quot;left&quot;:10}}},&quot;actionsPosition&quot;:&quot;top&quot;,&quot;socialShare&quot;:{&quot;enabled&quot;:false,&quot;facebook&quot;:false,&quot;twitter&quot;:false,&quot;linkedin&quot;:false,&quot;pinterest&quot;:false,&quot;position&quot;:&quot;top&quot;},&quot;adobeEmbedder&quot;:false,&quot;align&quot;:&quot;none&quot;,&quot;alignment&quot;:&quot;left&quot;,&quot;titleFontSize&quot;:&quot;16px&quot;,&quot;fullscreenButtonText&quot;:&quot;View Fullscreen&quot;,&quot;initialPage&quot;:0,&quot;isHideRightToolbar&quot;:false,&quot;additional&quot;:{&quot;ID&quot;:&quot;&quot;,&quot;Class&quot;:&quot;&quot;,&quot;CSS&quot;:&quot;&quot;},&quot;adobeOptions&quot;:{&quot;showDownloadPDF&quot;:true,&quot;showPrintPDF&quot;:true,&quot;showAnnotationTools&quot;:true,&quot;showFullScreen&quot;:false,&quot;embedMode&quot;:&quot;SIZED_CONTAINER&quot;},&quot;popupBtnStyle&quot;:{&quot;background&quot;:&quot;#2271b1&quot;,&quot;color&quot;:&quot;#fff&quot;,&quot;padding&quot;:{&quot;top&quot;:10,&quot;right&quot;:20,&quot;bottom&quot;:10,&quot;left&quot;:10}},&quot;popupBtnText&quot;:&quot;Open Document&quot;,&quot;CSS&quot;:&quot;&quot;,&quot;isPremium&quot;:false}'\n    style=\"text-align: left\">\n    \n        <iframe title=\"menu Bodegon 7\" style=\"border:0;\" width=\"100%\" height=\"800px\" class=\"pdfp_unsupported_frame\" src=\"\/\/docs.google.com\/gview?embedded=true&url=https:\/\/bodegonfl.com\/wp-content\/uploads\/2025\/01\/MENU_BODEGON-1-7_compressed.pdf\"><\/iframe>\n\n    <\/div>\n<\/div>\n\t\t\t\t\t\t<\/div>\n\t\t\t\t<\/div>\n\t\t\t\t<\/div>\n\t\t\t\t<\/div>\n\t\t","protected":false},"excerpt":{"rendered":"","protected":false},"author":1,"featured_media":0,"parent":0,"menu_order":0,"comment_status":"closed","ping_status":"closed","template":"elementor_header_footer","meta":{"footnotes":""},"class_list":["post-19582","page","type-page","status-publish","hentry"],"yoast_head":"<!-- This site is optimized with the Yoast SEO plugin v27.4 - https:\/\/yoast.com\/product\/yoast-seo-wordpress\/ -->\n<title>Men\u00fa Bodegon #7<\/title>\n<meta name=\"description\" content=\"Find all our Latin dishes on the menu of Supermercados El Bodeg\u00f3n A glimpse into our dishes made with love and dedication at our El Bodeg\u00f3n #7 location.\" \/>\n<meta name=\"robots\" content=\"index, follow, max-snippet:-1, max-image-preview:large, max-video-preview:-1\" \/>\n<link rel=\"canonical\" href=\"https:\/\/bodegonfl.com\/en\/menu-bodegon-7\/\" \/>\n<meta property=\"og:locale\" content=\"en_US\" \/>\n<meta property=\"og:type\" content=\"article\" \/>\n<meta property=\"og:title\" content=\"Men\u00fa Bodegon #7\" \/>\n<meta property=\"og:description\" content=\"Find all our Latin dishes on the menu of Supermercados El Bodeg\u00f3n A glimpse into our dishes made with love and dedication at our El Bodeg\u00f3n #7 location.\" \/>\n<meta property=\"og:url\" content=\"https:\/\/bodegonfl.com\/en\/menu-bodegon-7\/\" \/>\n<meta property=\"og:site_name\" content=\"El Bodeg\u00f3n\" \/>\n<meta property=\"article:modified_time\" content=\"2026-03-02T21:16:51+00:00\" \/>\n<meta name=\"twitter:card\" content=\"summary_large_image\" \/>\n<script type=\"application\/ld+json\" class=\"yoast-schema-graph\">{\"@context\":\"https:\\\/\\\/schema.org\",\"@graph\":[{\"@type\":\"WebPage\",\"@id\":\"https:\\\/\\\/bodegonfl.com\\\/en\\\/menu-bodegon-7\\\/\",\"url\":\"https:\\\/\\\/bodegonfl.com\\\/en\\\/menu-bodegon-7\\\/\",\"name\":\"Men\u00fa Bodegon #7\",\"isPartOf\":{\"@id\":\"https:\\\/\\\/bodegonfl.com\\\/#website\"},\"datePublished\":\"2024-12-11T16:13:08+00:00\",\"dateModified\":\"2026-03-02T21:16:51+00:00\",\"description\":\"Find all our Latin dishes on the menu of Supermercados El Bodeg\u00f3n A glimpse into our dishes made with love and dedication at our El Bodeg\u00f3n #7 location.\",\"breadcrumb\":{\"@id\":\"https:\\\/\\\/bodegonfl.com\\\/en\\\/menu-bodegon-7\\\/#breadcrumb\"},\"inLanguage\":\"en-US\",\"potentialAction\":[{\"@type\":\"ReadAction\",\"target\":[\"https:\\\/\\\/bodegonfl.com\\\/en\\\/menu-bodegon-7\\\/\"]}]},{\"@type\":\"BreadcrumbList\",\"@id\":\"https:\\\/\\\/bodegonfl.com\\\/en\\\/menu-bodegon-7\\\/#breadcrumb\",\"itemListElement\":[{\"@type\":\"ListItem\",\"position\":1,\"name\":\"Home\",\"item\":\"https:\\\/\\\/bodegonfl.com\\\/\"},{\"@type\":\"ListItem\",\"position\":2,\"name\":\"Men\u00fa Bodegon #7\"}]},{\"@type\":\"WebSite\",\"@id\":\"https:\\\/\\\/bodegonfl.com\\\/#website\",\"url\":\"https:\\\/\\\/bodegonfl.com\\\/\",\"name\":\"El Bodeg\u00f3n\",\"description\":\"\",\"publisher\":{\"@id\":\"https:\\\/\\\/bodegonfl.com\\\/#organization\"},\"potentialAction\":[{\"@type\":\"SearchAction\",\"target\":{\"@type\":\"EntryPoint\",\"urlTemplate\":\"https:\\\/\\\/bodegonfl.com\\\/?s={search_term_string}\"},\"query-input\":{\"@type\":\"PropertyValueSpecification\",\"valueRequired\":true,\"valueName\":\"search_term_string\"}}],\"inLanguage\":\"en-US\"},{\"@type\":\"Organization\",\"@id\":\"https:\\\/\\\/bodegonfl.com\\\/#organization\",\"name\":\"El Bodeg\u00f3n\",\"url\":\"https:\\\/\\\/bodegonfl.com\\\/\",\"logo\":{\"@type\":\"ImageObject\",\"inLanguage\":\"en-US\",\"@id\":\"https:\\\/\\\/bodegonfl.com\\\/#\\\/schema\\\/logo\\\/image\\\/\",\"url\":\"https:\\\/\\\/bodegonfl.com\\\/wp-content\\\/uploads\\\/2021\\\/12\\\/cropped-image.png\",\"contentUrl\":\"https:\\\/\\\/bodegonfl.com\\\/wp-content\\\/uploads\\\/2021\\\/12\\\/cropped-image.png\",\"width\":342,\"height\":98,\"caption\":\"El Bodeg\u00f3n\"},\"image\":{\"@id\":\"https:\\\/\\\/bodegonfl.com\\\/#\\\/schema\\\/logo\\\/image\\\/\"}}]}<\/script>\n<!-- \/ Yoast SEO plugin. -->","yoast_head_json":{"title":"Men\u00fa Bodegon #7","description":"Find all our Latin dishes on the menu of Supermercados El Bodeg\u00f3n A glimpse into our dishes made with love and dedication at our El Bodeg\u00f3n #7 location.","robots":{"index":"index","follow":"follow","max-snippet":"max-snippet:-1","max-image-preview":"max-image-preview:large","max-video-preview":"max-video-preview:-1"},"canonical":"https:\/\/bodegonfl.com\/en\/menu-bodegon-7\/","og_locale":"en_US","og_type":"article","og_title":"Men\u00fa Bodegon #7","og_description":"Find all our Latin dishes on the menu of Supermercados El Bodeg\u00f3n A glimpse into our dishes made with love and dedication at our El Bodeg\u00f3n #7 location.","og_url":"https:\/\/bodegonfl.com\/en\/menu-bodegon-7\/","og_site_name":"El Bodeg\u00f3n","article_modified_time":"2026-03-02T21:16:51+00:00","twitter_card":"summary_large_image","schema":{"@context":"https:\/\/schema.org","@graph":[{"@type":"WebPage","@id":"https:\/\/bodegonfl.com\/en\/menu-bodegon-7\/","url":"https:\/\/bodegonfl.com\/en\/menu-bodegon-7\/","name":"Men\u00fa Bodegon #7","isPartOf":{"@id":"https:\/\/bodegonfl.com\/#website"},"datePublished":"2024-12-11T16:13:08+00:00","dateModified":"2026-03-02T21:16:51+00:00","description":"Find all our Latin dishes on the menu of Supermercados El Bodeg\u00f3n A glimpse into our dishes made with love and dedication at our El Bodeg\u00f3n #7 location.","breadcrumb":{"@id":"https:\/\/bodegonfl.com\/en\/menu-bodegon-7\/#breadcrumb"},"inLanguage":"en-US","potentialAction":[{"@type":"ReadAction","target":["https:\/\/bodegonfl.com\/en\/menu-bodegon-7\/"]}]},{"@type":"BreadcrumbList","@id":"https:\/\/bodegonfl.com\/en\/menu-bodegon-7\/#breadcrumb","itemListElement":[{"@type":"ListItem","position":1,"name":"Home","item":"https:\/\/bodegonfl.com\/"},{"@type":"ListItem","position":2,"name":"Men\u00fa Bodegon #7"}]},{"@type":"WebSite","@id":"https:\/\/bodegonfl.com\/#website","url":"https:\/\/bodegonfl.com\/","name":"El Bodeg\u00f3n","description":"","publisher":{"@id":"https:\/\/bodegonfl.com\/#organization"},"potentialAction":[{"@type":"SearchAction","target":{"@type":"EntryPoint","urlTemplate":"https:\/\/bodegonfl.com\/?s={search_term_string}"},"query-input":{"@type":"PropertyValueSpecification","valueRequired":true,"valueName":"search_term_string"}}],"inLanguage":"en-US"},{"@type":"Organization","@id":"https:\/\/bodegonfl.com\/#organization","name":"El Bodeg\u00f3n","url":"https:\/\/bodegonfl.com\/","logo":{"@type":"ImageObject","inLanguage":"en-US","@id":"https:\/\/bodegonfl.com\/#\/schema\/logo\/image\/","url":"https:\/\/bodegonfl.com\/wp-content\/uploads\/2021\/12\/cropped-image.png","contentUrl":"https:\/\/bodegonfl.com\/wp-content\/uploads\/2021\/12\/cropped-image.png","width":342,"height":98,"caption":"El Bodeg\u00f3n"},"image":{"@id":"https:\/\/bodegonfl.com\/#\/schema\/logo\/image\/"}}]}},"_links":{"self":[{"href":"https:\/\/bodegonfl.com\/en\/wp-json\/wp\/v2\/pages\/19582","targetHints":{"allow":["GET"]}}],"collection":[{"href":"https:\/\/bodegonfl.com\/en\/wp-json\/wp\/v2\/pages"}],"about":[{"href":"https:\/\/bodegonfl.com\/en\/wp-json\/wp\/v2\/types\/page"}],"author":[{"embeddable":true,"href":"https:\/\/bodegonfl.com\/en\/wp-json\/wp\/v2\/users\/1"}],"replies":[{"embeddable":true,"href":"https:\/\/bodegonfl.com\/en\/wp-json\/wp\/v2\/comments?post=19582"}],"version-history":[{"count":3,"href":"https:\/\/bodegonfl.com\/en\/wp-json\/wp\/v2\/pages\/19582\/revisions"}],"predecessor-version":[{"id":19585,"href":"https:\/\/bodegonfl.com\/en\/wp-json\/wp\/v2\/pages\/19582\/revisions\/19585"}],"wp:attachment":[{"href":"https:\/\/bodegonfl.com\/en\/wp-json\/wp\/v2\/media?parent=19582"}],"curies":[{"name":"wp","href":"https:\/\/api.w.org\/{rel}","templated":true}]}}